{"id":1174,"date":"2013-04-08T08:03:19","date_gmt":"2013-04-08T06:03:19","guid":{"rendered":"http:\/\/www.fjordos.no\/live\/?page_id=1174"},"modified":"2021-03-22T14:48:15","modified_gmt":"2021-03-22T13:48:15","slug":"nar-naturen-deles-opp-i-bokser","status":"publish","type":"page","link":"https:\/\/fjordos.usn.no\/?page_id=1174","title":{"rendered":"N\u00e5r naturen deles opp i bokser"},"content":{"rendered":"<p><a href=\"https:\/\/fjordos.usn.no\/wp-content\/uploads\/2013\/04\/Blaveis.png\"><img loading=\"lazy\" decoding=\"async\" class=\"alignleft wp-image-1164 size-medium\" src=\"https:\/\/fjordos.usn.no\/wp-content\/uploads\/2013\/04\/Blaveis-300x172.png\" alt=\"Bl\u00e5veis\" width=\"300\" height=\"172\" srcset=\"https:\/\/fjordos.usn.no\/wp-content\/uploads\/2013\/04\/Blaveis-300x172.png 300w, https:\/\/fjordos.usn.no\/wp-content\/uploads\/2013\/04\/Blaveis-1024x586.png 1024w, https:\/\/fjordos.usn.no\/wp-content\/uploads\/2013\/04\/Blaveis-768x440.png 768w, https:\/\/fjordos.usn.no\/wp-content\/uploads\/2013\/04\/Blaveis.png 1331w\" sizes=\"auto, (max-width: 300px) 100vw, 300px\" \/><\/a>Naturen er kontinuerlig. Forskerne har enda ikke funnet de minste byggesteinene. I dataverdenen bygges bilder opp av bokser eller piksler.\u00a0 Fargen i hver boks er representativ for fargene i det omr\u00e5det som boksen dekker. N\u00e5r boksene blir for store, er det vanskeligere \u00e5 gjenkjenne motivet. Jo mindre bokser, jo mer ligner bildet p\u00e5 det vi ser i naturen.<\/p>\n<p>Bl\u00e5veisens farge avhenger blant annet av jordens surhetsgrad, hvor lenge det var frost, hvor mye sol blomsten har f\u00e5tt, hvor p\u00e5 blomsten fargen er, hvor gammel blomsten er\u00a0og hvor mye det har regnet. Hvis vi tenker oss at vi \u00f8nsker \u00e5 regne ut fargen i hver boks, vil det ta lengere tid jo flere bokser det er. La oss forestille oss at vi klarer \u00e5 regne ut fargen i \u00e9n boks i l\u00f8pet av ett sekund. Dersom det er over 600 000 bokser, vil det ta over 7 dager \u00e5 regne ut fargen i alle boksene. Og innen den tid har blomsten kanskje visnet.<\/p>\n<p>Numeriske modeller deler ogs\u00e5 naturen opp i bokser. I havmodeller er boksene som regel tredimensjonale. I hver boks skal det regnes ut representative verdier for temperatur, saltholdighet, trykk, tetthet og str\u00f8m. Disse verdiene avhenger av dyp, tidspunkt, tidevann, vind, lufttrykk, elvetill\u00f8p og en del annet. Det tar tid \u00e5 regne ut de representative verdiene i hver boks. Jo mindre bokser, jo flere bokser blir det og jo mer tid tar det.<\/p>\n<p>Det gjelder derfor \u00e5 finne en balanse mellom hva som er gjennomf\u00f8rbart med tanke p\u00e5 regnetid og hva det er behov for. For havvarsling er det en forutsetning at det tar kortere tid \u00e5 regne ut varselet enn det tar \u00e5 observere havet. Bilder som legges ut p\u00e5 nettsider, trenger ikke ha god oppl\u00f8sning, men dersom du \u00f8nsker \u00e5 fremkalle bildet p\u00e5 et stort lerret, er det mye st\u00f8rre krav til oppl\u00f8sning og du vil ikke f\u00e5 et pent resultat dersom du bruker et bilde fra nettet. P\u00e5 samme m\u00e5te er det med havvarsel. Dersom du bruker modeller som ikke har god nok oppl\u00f8sning til ditt bruk, risikerer du et mindre pent resultat. V\u00e6r derfor bevisst p\u00e5 boksenes st\u00f8rrelse og ikke forvent s\u00e5 sm\u00e5 bokser at modellen bruker for lang tid p\u00e5 \u00e5 beregne resultatene du \u00f8nsker.<\/p>\n\n\n<hr class=\"wp-block-separator\"\/>\n","protected":false},"excerpt":{"rendered":"<p>Naturen er kontinuerlig. Forskerne har enda ikke funnet de minste byggesteinene. I dataverdenen bygges bilder opp av bokser eller piksler.\u00a0 Fargen i hver boks er representativ for fargene i det omr\u00e5det som boksen dekker. N\u00e5r boksene blir for store, er det vanskeligere \u00e5 gjenkjenne motivet. Jo mindre bokser, jo mer ligner bildet p\u00e5 det vi &hellip;<\/p>\n<p class=\"read-more\"> <a class=\"\" href=\"https:\/\/fjordos.usn.no\/?page_id=1174\"> <span class=\"screen-reader-text\">N\u00e5r naturen deles opp i bokser<\/span> Les mer &raquo;<\/a><\/p>\n","protected":false},"author":2,"featured_media":0,"parent":2081,"menu_order":0,"comment_status":"closed","ping_status":"closed","template":"","meta":{"footnotes":""},"class_list":["post-1174","page","type-page","status-publish","hentry"],"_links":{"self":[{"href":"https:\/\/fjordos.usn.no\/index.php?rest_route=\/wp\/v2\/pages\/1174","targetHints":{"allow":["GET"]}}],"collection":[{"href":"https:\/\/fjordos.usn.no\/index.php?rest_route=\/wp\/v2\/pages"}],"about":[{"href":"https:\/\/fjordos.usn.no\/index.php?rest_route=\/wp\/v2\/types\/page"}],"author":[{"embeddable":true,"href":"https:\/\/fjordos.usn.no\/index.php?rest_route=\/wp\/v2\/users\/2"}],"replies":[{"embeddable":true,"href":"https:\/\/fjordos.usn.no\/index.php?rest_route=%2Fwp%2Fv2%2Fcomments&post=1174"}],"version-history":[{"count":2,"href":"https:\/\/fjordos.usn.no\/index.php?rest_route=\/wp\/v2\/pages\/1174\/revisions"}],"predecessor-version":[{"id":4844,"href":"https:\/\/fjordos.usn.no\/index.php?rest_route=\/wp\/v2\/pages\/1174\/revisions\/4844"}],"up":[{"embeddable":true,"href":"https:\/\/fjordos.usn.no\/index.php?rest_route=\/wp\/v2\/pages\/2081"}],"wp:attachment":[{"href":"https:\/\/fjordos.usn.no\/index.php?rest_route=%2Fwp%2Fv2%2Fmedia&parent=1174"}],"curies":[{"name":"wp","href":"https:\/\/api.w.org\/{rel}","templated":true}]}}