{"id":2081,"date":"2020-12-14T11:57:37","date_gmt":"2020-12-14T10:57:37","guid":{"rendered":"https:\/\/fjordos.usn.no\/?page_id=2081"},"modified":"2021-03-22T14:48:52","modified_gmt":"2021-03-22T13:48:52","slug":"slider-side-to","status":"publish","type":"page","link":"https:\/\/fjordos.usn.no\/?page_id=2081","title":{"rendered":"Fremgangsm\u00e5te &#8211; m\u00e5letokt"},"content":{"rendered":"\n<figure class=\"wp-block-image size-large is-resized\"><img loading=\"lazy\" decoding=\"async\" src=\"https:\/\/fjordos.usn.no\/wp-content\/uploads\/2017\/09\/IMG_20170829_122009-1024x575.jpg\" alt=\"\" class=\"wp-image-1877\" width=\"579\" height=\"325\" srcset=\"https:\/\/fjordos.usn.no\/wp-content\/uploads\/2017\/09\/IMG_20170829_122009-1024x575.jpg 1024w, https:\/\/fjordos.usn.no\/wp-content\/uploads\/2017\/09\/IMG_20170829_122009-300x168.jpg 300w, https:\/\/fjordos.usn.no\/wp-content\/uploads\/2017\/09\/IMG_20170829_122009-768x431.jpg 768w, https:\/\/fjordos.usn.no\/wp-content\/uploads\/2017\/09\/IMG_20170829_122009-1536x863.jpg 1536w, https:\/\/fjordos.usn.no\/wp-content\/uploads\/2017\/09\/IMG_20170829_122009-2048x1150.jpg 2048w, https:\/\/fjordos.usn.no\/wp-content\/uploads\/2017\/09\/IMG_20170829_122009-1568x880.jpg 1568w\" sizes=\"auto, (max-width: 579px) 100vw, 579px\" \/><\/figure>\n\n\n\n<p>Modellen bygger kun p\u00e5 matematiske beregninger. For \u00e5 validere resultatene, er det gjort m\u00e5linger.<\/p>\n\n\n\n<p>Her er noen glimt fra arbeidet med modellen:<\/p>\n\n\n\n<ul class=\"wp-block-list\"><li><a href=\"https:\/\/fjordos.usn.no\/?p=1874\">M\u00e5letokt med KV Nornen (august 2017)<\/a> <\/li><li><a href=\"https:\/\/fjordos.usn.no\/?p=1854\">M\u00e5letokt med KV Nornen (mai 2017)<\/a><\/li><\/ul>\n\n\n\n<hr class=\"wp-block-separator\"\/>\n","protected":false},"excerpt":{"rendered":"<p>Modellen bygger p\u00e5 matematiske beregninger, men er validert med observasjoner.<\/p>\n","protected":false},"author":2,"featured_media":0,"parent":2077,"menu_order":0,"comment_status":"closed","ping_status":"closed","template":"","meta":{"footnotes":""},"class_list":["post-2081","page","type-page","status-publish","hentry"],"_links":{"self":[{"href":"https:\/\/fjordos.usn.no\/index.php?rest_route=\/wp\/v2\/pages\/2081","targetHints":{"allow":["GET"]}}],"collection":[{"href":"https:\/\/fjordos.usn.no\/index.php?rest_route=\/wp\/v2\/pages"}],"about":[{"href":"https:\/\/fjordos.usn.no\/index.php?rest_route=\/wp\/v2\/types\/page"}],"author":[{"embeddable":true,"href":"https:\/\/fjordos.usn.no\/index.php?rest_route=\/wp\/v2\/users\/2"}],"replies":[{"embeddable":true,"href":"https:\/\/fjordos.usn.no\/index.php?rest_route=%2Fwp%2Fv2%2Fcomments&post=2081"}],"version-history":[{"count":10,"href":"https:\/\/fjordos.usn.no\/index.php?rest_route=\/wp\/v2\/pages\/2081\/revisions"}],"predecessor-version":[{"id":4880,"href":"https:\/\/fjordos.usn.no\/index.php?rest_route=\/wp\/v2\/pages\/2081\/revisions\/4880"}],"up":[{"embeddable":true,"href":"https:\/\/fjordos.usn.no\/index.php?rest_route=\/wp\/v2\/pages\/2077"}],"wp:attachment":[{"href":"https:\/\/fjordos.usn.no\/index.php?rest_route=%2Fwp%2Fv2%2Fmedia&parent=2081"}],"curies":[{"name":"wp","href":"https:\/\/api.w.org\/{rel}","templated":true}]}}