{"id":2109,"date":"2020-12-14T12:59:52","date_gmt":"2020-12-14T11:59:52","guid":{"rendered":"https:\/\/fjordos.usn.no\/?page_id=2109"},"modified":"2021-05-03T15:38:15","modified_gmt":"2021-05-03T13:38:15","slug":"anvendelser","status":"publish","type":"page","link":"https:\/\/fjordos.usn.no\/?page_id=2109","title":{"rendered":"Anvendelser"},"content":{"rendered":"\n<p>Resultater fra FjordOs-modellen er blitt brukt i en lang rekke forskjellige spin-off prosjekter og anvendelsesomr\u00e5der.<\/p>\n\n\n\n<p><strong>En kort gjennomgang av en  del av anvendelsesomr\u00e5dene for FjordOs:<\/strong><\/p>\n\n\n\n<figure class=\"wp-block-embed is-type-video is-provider-youtube wp-block-embed-youtube wp-embed-aspect-4-3 wp-has-aspect-ratio\"><div class=\"wp-block-embed__wrapper\">\n<div class=\"ast-oembed-container\"><iframe loading=\"lazy\" title=\"2020 Anvendelser av FjordOs-modellen\" width=\"500\" height=\"375\" src=\"https:\/\/www.youtube.com\/embed\/30Cxsn-vZNs?feature=oembed\" frameborder=\"0\" allow=\"accelerometer; autoplay; clipboard-write; encrypted-media; gyroscope; picture-in-picture; web-share\" referrerpolicy=\"strict-origin-when-cross-origin\" allowfullscreen><\/iframe><\/div>\n<\/div><\/figure>\n\n\n\n<p><strong><em>Her er noen eksempler p\u00e5 anvendelser:<\/em><\/strong><\/p>\n\n\n\n<h2 class=\"wp-block-heading\">Seilaser<\/h2>\n\n\n\n<p>Varsler fra FjordOs-modellen er brukt under v\u00e6rbriefingen til F\u00e6rder-seilasen og andre seilaser hvert \u00e5r siden 2015. Her er to eksempler:<\/p>\n\n\n\n<ul class=\"wp-block-list\"><li><a href=\"https:\/\/fjordos.usn.no\/?p=1885\">VM for 8mR-b\u00e5ter (2017)<\/a><\/li><li><a href=\"https:\/\/fjordos.usn.no\/?p=1844\">F\u00e6rderseilasen (2017)<\/a><\/li><\/ul>\n\n\n\n<h2 class=\"wp-block-heading\">Spredning av plastpellets<\/h2>\n\n\n\n<p>26. februar 2020 gikk 16 tonn plastpellets i sj\u00f8en vest for Danmark. Disse fulgte kyststr\u00f8mmen opp langs kysten  av Danmark, over tli Sverige og langs norskekysten. I mars ble de f\u00f8rste funnet i Oslofjorden. <\/p>\n\n\n\n<p>FjordOs-modellen  ble brukt til \u00e5 beregne hvor det var mest sannsynlig at plastpellets ville bli funnet. Arbeidet ble presentert p\u00e5 to internasjonale konferanser:<\/p>\n\n\n\n<ul class=\"wp-block-list\" type=\"1\"><li>Hjelmervik, K. &amp; Kristensen, N.M. (2020, October) <a href=\"https:\/\/ieeexplore.ieee.org\/document\/9389371\">Drift patterns in coastal areas. <\/a><em>IEEE GLOBAL OCEANS 2020, Online Conference<\/em> (Se presentasjonen)<\/li><li>Hjelmervik, K. &amp; Kristensen, N.M. (2020, August) <a href=\"http:\/\/www.academicconf.com\/Video\/Details?paperId=31535\">Drift patterns of plastic emissions in coastal areas<\/a>. <em>The 6<sup>th<\/sup> International Conference on Water Resource and Environment (WRE 2020), Online Conference<\/em><\/li><\/ul>\n\n\n\n<h2 class=\"wp-block-heading\">Utnytte tidevannet for \u00e5 bespare drivstoff<\/h2>\n\n\n\n<p>I SimStr\u00f8m-prosjektet ble FjordOs-resultater implementert i en skipssimulator for \u00e5 unders\u00f8ke mulighetene for \u00e5 spare drivstoff ved \u00e5 utnytte havstr\u00f8mmene.<\/p>\n\n\n\n<ul class=\"wp-block-list\"><li>Hjelmervik, K., Nordby, S.E. (2018). <a href=\"https:\/\/link.springer.com\/chapter\/10.1007%2F978-3-319-74576-3_18\">Fuel Saving in Coastal Areas: A Case Study of the Oslo Fjord. <\/a>In\u00a0<em>Trends and Challenges in Maritime Energy Management<\/em>\u00a0(pp. 245-256). Springer, Cham.<br>(Merk at den publiserte artikkelen har feil forfatternavn.)<\/li><\/ul>\n\n\n\n<h2 class=\"wp-block-heading\">Simulatortrening<\/h2>\n\n\n\n<p>Simulatorer blir brukt til \u00e5 trene p\u00e5 navigasjon til sj\u00f8s. I SimStr\u00f8m-prosjektet ble FjordOs-resultater implementert i en simulator for \u00e5 unders\u00f8ke hvordan studenter kan f\u00e5 best mulig utbytte av simulatortreningen og bli bedre rustet til \u00e5 navigere p\u00e5 str\u00f8m.<\/p>\n\n\n\n<ul class=\"wp-block-list\"><li>Nazir, S., &amp; Hjelmervik, K. (2017, July). <a href=\"https:\/\/link.springer.com\/chapter\/10.1007\/978-3-319-60018-5_35\">Advance use of training simulator in maritime education and training: a questionnaire study. <\/a>In\u00a0<em>International Conference on Applied Human Factors and Ergonomics<\/em>\u00a0(pp. 361-371). Springer, Cham.<\/li><li>Hjelmervik, K., Nazir, S., &amp; Myhrvold, A. (2018). <a href=\"https:\/\/link.springer.com\/article\/10.1007\/s13437-017-0133-0\">Simulator training for maritime complex tasks: an experimental study.\u00a0<\/a><em>WMU Journal of Maritime Affairs<\/em>,\u00a0<em>17<\/em>(1), 17-30.<\/li><\/ul>\n\n\n\n<h2 class=\"wp-block-heading\">Gyrofri<\/h2>\n\n\n\n<p>Lakseparasitten\u00a0<em>G. salaris<\/em>\u00a0har en toleranse p\u00e5 25\u00a0PSU saltholdighet og vil ikke kunne overleve ved h\u00f8yere\u00a0saltholdighetskonsentrasjoner. Resultatene fra FjordOs-modellen er brukt til \u00e5 kartlegge saltniv\u00e5ene i Oslofjorden.<\/p>\n\n\n\n<p>Les mer om prosjektet Gyrofri (<a rel=\"noreferrer noopener\" href=\"https:\/\/gyrofri.no\/\" target=\"_blank\">ekstern nettside<\/a>).<\/p>\n","protected":false},"excerpt":{"rendered":"<p>Resultatene er brukt i en lang rekke prosjekter<\/p>\n","protected":false},"author":2,"featured_media":0,"parent":2077,"menu_order":0,"comment_status":"closed","ping_status":"closed","template":"","meta":{"footnotes":""},"class_list":["post-2109","page","type-page","status-publish","hentry"],"_links":{"self":[{"href":"https:\/\/fjordos.usn.no\/index.php?rest_route=\/wp\/v2\/pages\/2109","targetHints":{"allow":["GET"]}}],"collection":[{"href":"https:\/\/fjordos.usn.no\/index.php?rest_route=\/wp\/v2\/pages"}],"about":[{"href":"https:\/\/fjordos.usn.no\/index.php?rest_route=\/wp\/v2\/types\/page"}],"author":[{"embeddable":true,"href":"https:\/\/fjordos.usn.no\/index.php?rest_route=\/wp\/v2\/users\/2"}],"replies":[{"embeddable":true,"href":"https:\/\/fjordos.usn.no\/index.php?rest_route=%2Fwp%2Fv2%2Fcomments&post=2109"}],"version-history":[{"count":13,"href":"https:\/\/fjordos.usn.no\/index.php?rest_route=\/wp\/v2\/pages\/2109\/revisions"}],"predecessor-version":[{"id":4879,"href":"https:\/\/fjordos.usn.no\/index.php?rest_route=\/wp\/v2\/pages\/2109\/revisions\/4879"}],"up":[{"embeddable":true,"href":"https:\/\/fjordos.usn.no\/index.php?rest_route=\/wp\/v2\/pages\/2077"}],"wp:attachment":[{"href":"https:\/\/fjordos.usn.no\/index.php?rest_route=%2Fwp%2Fv2%2Fmedia&parent=2109"}],"curies":[{"name":"wp","href":"https:\/\/api.w.org\/{rel}","templated":true}]}}