{"id":2470,"date":"2020-12-16T08:33:28","date_gmt":"2020-12-16T07:33:28","guid":{"rendered":"https:\/\/fjordos.usn.no\/?page_id=2470"},"modified":"2025-03-04T10:03:03","modified_gmt":"2025-03-04T09:03:03","slug":"stromvarsel","status":"publish","type":"page","link":"https:\/\/fjordos.usn.no\/?page_id=2470","title":{"rendered":"Str\u00f8mvarsel"},"content":{"rendered":"\n<h2 class=\"wp-block-heading\"><strong>Dagens str\u00f8mvarsel for Oslofjorden<\/strong><\/h2>\n\n\n\n<p>Den operasjonelle FjordOs-modellen ble stoppet i slutten av 2024, mange \u00e5r etter at selve FjordOs-prosjektet var avsluttet. Meteorologisk institutt bruker erfaringene fra FjordOs-prosjektet til \u00e5 sette i drift modeller med h\u00f8y oppl\u00f8sning for hele Norskekysten. Oslofjorden er et av omr\u00e5dene som har blitt prioritert i dette arbeidet, og vi viser derfor frem varsler fra dette nye modellsystemet her p\u00e5 FjordOs-sidene. Oppl\u00f8sningen for str\u00f8mvarslene er 160m for omr\u00e5det Breiangen og nordover, og 800m for resten. Det jobbes med \u00e5 tilby 160m-data for hele kysten, og varslene p\u00e5 denne siden blir oppdatert etterhvert som disse dataene foreligger.<\/p>\n\n\n\n<h2 class=\"wp-block-heading\"><strong>Detaljplott med str\u00f8m for Oslofjorden<\/strong><\/h2>\n\n\n\n<ul class=\"wp-block-list\">\n<li><a href=\"https:\/\/fjordos.usn.no\/?page_id=2974\">Hele fjorden<\/a><\/li>\n\n\n\n<li><a href=\"https:\/\/fjordos.usn.no\/?page_id=2979\" data-type=\"page\" data-id=\"2979\">Indre fjord<\/a><\/li>\n\n\n\n<li><a href=\"https:\/\/fjordos.usn.no\/?page_id=2981\" data-type=\"page\" data-id=\"2981\">Dr\u00f8bak<\/a><\/li>\n\n\n\n<li><a href=\"https:\/\/fjordos.usn.no\/?page_id=2983\" data-type=\"page\" data-id=\"2983\">Midtre fjord<\/a><\/li>\n\n\n\n<li><a href=\"https:\/\/fjordos.usn.no\/?page_id=2985\" data-type=\"page\" data-id=\"2985\">Ytre fjord<\/a><\/li>\n\n\n\n<li><a href=\"https:\/\/fjordos.usn.no\/?page_id=2987\" data-type=\"page\" data-id=\"2987\">Drammensfjorden<\/a><\/li>\n\n\n\n<li><a href=\"https:\/\/fjordos.usn.no\/?page_id=4978\">Hank\u00f8<\/a><\/li>\n\n\n\n<li><a href=\"https:\/\/fjordos.usn.no\/?page_id=4989\">Hvaler<\/a><\/li>\n<\/ul>\n","protected":false},"excerpt":{"rendered":"<p>Dagens str\u00f8mvarsel for Oslofjorden Den operasjonelle FjordOs-modellen ble stoppet i slutten av 2024, mange \u00e5r etter at selve FjordOs-prosjektet var avsluttet. Meteorologisk institutt bruker erfaringene fra FjordOs-prosjektet til \u00e5 sette i drift modeller med h\u00f8y oppl\u00f8sning for hele Norskekysten. Oslofjorden er et av omr\u00e5dene som har blitt prioritert i dette arbeidet, og vi viser derfor &hellip;<\/p>\n<p class=\"read-more\"> <a class=\"\" href=\"https:\/\/fjordos.usn.no\/?page_id=2470\"> <span class=\"screen-reader-text\">Str\u00f8mvarsel<\/span> Les mer &raquo;<\/a><\/p>\n","protected":false},"author":2,"featured_media":0,"parent":2079,"menu_order":0,"comment_status":"closed","ping_status":"closed","template":"","meta":{"footnotes":""},"class_list":["post-2470","page","type-page","status-publish","hentry"],"_links":{"self":[{"href":"https:\/\/fjordos.usn.no\/index.php?rest_route=\/wp\/v2\/pages\/2470","targetHints":{"allow":["GET"]}}],"collection":[{"href":"https:\/\/fjordos.usn.no\/index.php?rest_route=\/wp\/v2\/pages"}],"about":[{"href":"https:\/\/fjordos.usn.no\/index.php?rest_route=\/wp\/v2\/types\/page"}],"author":[{"embeddable":true,"href":"https:\/\/fjordos.usn.no\/index.php?rest_route=\/wp\/v2\/users\/2"}],"replies":[{"embeddable":true,"href":"https:\/\/fjordos.usn.no\/index.php?rest_route=%2Fwp%2Fv2%2Fcomments&post=2470"}],"version-history":[{"count":8,"href":"https:\/\/fjordos.usn.no\/index.php?rest_route=\/wp\/v2\/pages\/2470\/revisions"}],"predecessor-version":[{"id":4997,"href":"https:\/\/fjordos.usn.no\/index.php?rest_route=\/wp\/v2\/pages\/2470\/revisions\/4997"}],"up":[{"embeddable":true,"href":"https:\/\/fjordos.usn.no\/index.php?rest_route=\/wp\/v2\/pages\/2079"}],"wp:attachment":[{"href":"https:\/\/fjordos.usn.no\/index.php?rest_route=%2Fwp%2Fv2%2Fmedia&parent=2470"}],"curies":[{"name":"wp","href":"https:\/\/api.w.org\/{rel}","templated":true}]}}