{"id":2993,"date":"2020-12-22T15:47:21","date_gmt":"2020-12-22T14:47:21","guid":{"rendered":"https:\/\/fjordos.usn.no\/?page_id=2993"},"modified":"2021-06-14T14:10:59","modified_gmt":"2021-06-14T12:10:59","slug":"validering-av-modellen","status":"publish","type":"page","link":"https:\/\/fjordos.usn.no\/?page_id=2993","title":{"rendered":"Validering av modellen"},"content":{"rendered":"\n<h3 class=\"wp-block-heading\">Sammenligning mot faste vannstandsstasjoner<\/h3>\n\n\n\n<p>Kartverket har 24 faste vannstandsstasjoner langs norskekysten. Fire av disse er i Oslofjorden. M\u00e5linger fra disse er brukt i validering av FjordOs-modellen.<\/p>\n\n\n\n<ul class=\"wp-block-list\"><li><a href=\"https:\/\/fjordos.usn.no\/?page_id=4899\">Vannstand<\/a><\/li><\/ul>\n\n\n\n<h3 class=\"wp-block-heading\">Sammenligning mot m\u00e5linger av hydrografi<\/h3>\n\n\n\n<p>I 2017 gjennomf\u00f8rte FFI fire m\u00e5letokt som en del av FjordOs-prosjektet. M\u00e5linger av temperatur og salt ble deretter sammenlignet med resultater fra modellen.<\/p>\n\n\n\n<ul class=\"wp-block-list\"><li><a href=\"https:\/\/fjordos.usn.no\/?page_id=4943\" data-type=\"page\" data-id=\"4943\">M\u00e5linger av hydrografi i 2017<\/a><\/li><\/ul>\n\n\n\n<h3 class=\"wp-block-heading\">Sammenligning mot FerryBox<\/h3>\n\n\n\n<p>FerryBox m\u00e5ler saltholdighet og temperatur i vannet n\u00e6r havoverflaten. Vi har brukt data fra NIVA som har plassert en FerryBox p\u00e5 Kiel-ferga. Disse dataene har vi sammenlignet med modell-data for samme tid og sted. For \u00e5 bed\u00f8mme kvaliteten p\u00e5 modellen bruker vi tidsserier for modell og observasjon for en visuell sammenligning, samt scatterplott og plott som viser differansen mellom modell og observasjon som en funksjon av breddegrad.<\/p>\n\n\n\n<ul class=\"wp-block-list\"><li><a style=\"font-size: 1rem; font-weight: inherit;\" href=\"https:\/\/fjordos.usn.no\/?page_id=4630\" data-type=\"page\" data-id=\"4630\">Temperatur tidsserier<\/a><\/li><li><a href=\"https:\/\/fjordos.usn.no\/?page_id=4642\" data-type=\"page\" data-id=\"4642\">Temperatur scatterplott<\/a><\/li><li><a href=\"https:\/\/fjordos.usn.no\/?page_id=4634\" data-type=\"page\" data-id=\"4634\">Saltholdighet tidsserier<\/a><\/li><li><a href=\"https:\/\/fjordos.usn.no\/?page_id=4655\" data-type=\"page\" data-id=\"4655\">Saltholdighet scatterplott<\/a><\/li><\/ul>\n\n\n\n<h2 class=\"wp-block-heading\">Faglig valideringsrapport<\/h2>\n\n\n\n<p>Hjelmervik, K., Kristensen, N. M., R\u00f8ed, L. P., &amp; Staalstr\u00f8m, A. (2016).<a href=\"https:\/\/www.met.no\/publikasjoner\/met-report\/met-report-2017\/_\/attachment\/download\/5182c25a-35e9-429b-9ba3-299e0499f1c6:0558d4e7b1a3bde7420a826f326d7ac562c3872c\/Valideringsrapport_v1.pdf\">\u00a0Evaluation of the FjordOs-model.\u00a0<\/a><em>ISSN 2387-4201, MET-report<\/em>,\u00a0<em>11<\/em>, 2017.<\/p>\n","protected":false},"excerpt":{"rendered":"<p>Sammenligning mot faste vannstandsstasjoner Kartverket har 24 faste vannstandsstasjoner langs norskekysten. Fire av disse er i Oslofjorden. M\u00e5linger fra disse er brukt i validering av FjordOs-modellen. Vannstand Sammenligning mot m\u00e5linger av hydrografi I 2017 gjennomf\u00f8rte FFI fire m\u00e5letokt som en del av FjordOs-prosjektet. M\u00e5linger av temperatur og salt ble deretter sammenlignet med resultater fra modellen. &hellip;<\/p>\n<p class=\"read-more\"> <a class=\"\" href=\"https:\/\/fjordos.usn.no\/?page_id=2993\"> <span class=\"screen-reader-text\">Validering av modellen<\/span> Les mer &raquo;<\/a><\/p>\n","protected":false},"author":3,"featured_media":0,"parent":2079,"menu_order":8,"comment_status":"closed","ping_status":"closed","template":"","meta":{"footnotes":""},"class_list":["post-2993","page","type-page","status-publish","hentry"],"_links":{"self":[{"href":"https:\/\/fjordos.usn.no\/index.php?rest_route=\/wp\/v2\/pages\/2993","targetHints":{"allow":["GET"]}}],"collection":[{"href":"https:\/\/fjordos.usn.no\/index.php?rest_route=\/wp\/v2\/pages"}],"about":[{"href":"https:\/\/fjordos.usn.no\/index.php?rest_route=\/wp\/v2\/types\/page"}],"author":[{"embeddable":true,"href":"https:\/\/fjordos.usn.no\/index.php?rest_route=\/wp\/v2\/users\/3"}],"replies":[{"embeddable":true,"href":"https:\/\/fjordos.usn.no\/index.php?rest_route=%2Fwp%2Fv2%2Fcomments&post=2993"}],"version-history":[{"count":13,"href":"https:\/\/fjordos.usn.no\/index.php?rest_route=\/wp\/v2\/pages\/2993\/revisions"}],"predecessor-version":[{"id":4960,"href":"https:\/\/fjordos.usn.no\/index.php?rest_route=\/wp\/v2\/pages\/2993\/revisions\/4960"}],"up":[{"embeddable":true,"href":"https:\/\/fjordos.usn.no\/index.php?rest_route=\/wp\/v2\/pages\/2079"}],"wp:attachment":[{"href":"https:\/\/fjordos.usn.no\/index.php?rest_route=%2Fwp%2Fv2%2Fmedia&parent=2993"}],"curies":[{"name":"wp","href":"https:\/\/api.w.org\/{rel}","templated":true}]}}