{"id":4881,"date":"2021-05-03T18:13:32","date_gmt":"2021-05-03T16:13:32","guid":{"rendered":"https:\/\/fjordos.usn.no\/?page_id=4881"},"modified":"2021-05-12T13:19:35","modified_gmt":"2021-05-12T11:19:35","slug":"arbeidet-i-fjordos","status":"publish","type":"page","link":"https:\/\/fjordos.usn.no\/?page_id=4881","title":{"rendered":"Arbeidet med FjordOs"},"content":{"rendered":"\n<p>Forskningsprosjekter g\u00e5r gjennom mange faser. Her er en rask gjennomgang av hvordan arbeidet med FjordOs-prosjektet har foreg\u00e5tt.<\/p>\n\n\n\n<h2 class=\"wp-block-heading\">Kartlegging av behov<\/h2>\n\n\n\n<p>F\u00f8r prosjektet startet ble behovene og interessen kartlagt. Og det ble klart at det var behov for en modell med st\u00f8rre oppl\u00f8sning enn \u00f8vrige modeller. Beste oppl\u00f8sning i Oslofjorden da prosjektet ble startet, var fire kilometer. Meteorologisk har siden  laget en modell som dekker hele Norskekysten med en oppl\u00f8sning p\u00e5 800 meter.<\/p>\n\n\n\n<p>Les mer om <a href=\"https:\/\/fjordos.usn.no\/?page_id=853\" data-type=\"page\" data-id=\"853\">bakgrunnen for FjordOs<\/a>.<\/p>\n\n\n\n<div class=\"wp-block-image\"><figure class=\"aligncenter size-full is-resized\"><img loading=\"lazy\" decoding=\"async\" src=\"https:\/\/fjordos.usn.no\/wp-content\/uploads\/2021\/05\/Opplosning.png\" alt=\"\" class=\"wp-image-4889\" width=\"596\" height=\"263\" srcset=\"https:\/\/fjordos.usn.no\/wp-content\/uploads\/2021\/05\/Opplosning.png 795w, https:\/\/fjordos.usn.no\/wp-content\/uploads\/2021\/05\/Opplosning-300x132.png 300w, https:\/\/fjordos.usn.no\/wp-content\/uploads\/2021\/05\/Opplosning-768x338.png 768w\" sizes=\"auto, (max-width: 596px) 100vw, 596px\" \/><\/figure><\/div>\n\n\n\n<p>For \u00e5 m\u00f8te behovene var b\u00e5de forskere, forvaltningen og potensielle brukere inkludert i FjordOs-prosjektet. <\/p>\n\n\n\n<p>Les mer om <a href=\"https:\/\/fjordos.usn.no\/?page_id=857\" data-type=\"page\" data-id=\"857\">partnerne i FjordOs<\/a>.<\/p>\n\n\n\n<h2 class=\"wp-block-heading\">F\u00f8r beregningene<\/h2>\n\n\n\n<p>F\u00f8r regnemaskinene tygger ligninger, m\u00e5 en lang rekke data v\u00e6re p\u00e5 plass.<\/p>\n\n\n\n<div class=\"wp-block-image\"><figure class=\"aligncenter size-large is-resized\"><img loading=\"lazy\" decoding=\"async\" src=\"https:\/\/fjordos.usn.no\/wp-content\/uploads\/2021\/03\/Inndata-1-e1620049898830-1024x743.png\" alt=\"\" class=\"wp-image-4864\" width=\"768\" height=\"557\" srcset=\"https:\/\/fjordos.usn.no\/wp-content\/uploads\/2021\/03\/Inndata-1-e1620049898830-1024x743.png 1024w, https:\/\/fjordos.usn.no\/wp-content\/uploads\/2021\/03\/Inndata-1-e1620049898830-300x218.png 300w, https:\/\/fjordos.usn.no\/wp-content\/uploads\/2021\/03\/Inndata-1-e1620049898830-768x557.png 768w, https:\/\/fjordos.usn.no\/wp-content\/uploads\/2021\/03\/Inndata-1-e1620049898830-1536x1115.png 1536w, https:\/\/fjordos.usn.no\/wp-content\/uploads\/2021\/03\/Inndata-1-e1620049898830.png 1550w\" sizes=\"auto, (max-width: 768px) 100vw, 768px\" \/><\/figure><\/div>\n\n\n\n<p>Deretter m\u00e5 ligningene skrives p\u00e5 et spr\u00e5k som datamaskinene forst\u00e5r. I FjordOs-prosjektet har vi brukt modellsystemet ROMS (Regional Ocean Model System).<\/p>\n\n\n\n<p>Fjorden m\u00e5 deles opp i bokser der alt innenfor en boks har samme str\u00f8m og hydrografi. Dette kaller vi modellens oppl\u00f8sning. En modell med h\u00f8y oppl\u00f8sning vil v\u00e6re mer detaljert enn en modell med lav oppl\u00f8sning, men vil ogs\u00e5 kreve mer regnekraft og mer lagringsplass til resultatene. I FjordOs-modellen har vi brukt bokser av forskjellig st\u00f8rrelse. <\/p>\n\n\n\n<div class=\"wp-block-image\"><figure class=\"aligncenter size-large is-resized\"><img loading=\"lazy\" decoding=\"async\" src=\"https:\/\/fjordos.usn.no\/wp-content\/uploads\/2021\/03\/Griddbokser-1-e1620050097569-1024x634.png\" alt=\"\" class=\"wp-image-4863\" width=\"768\" height=\"476\" srcset=\"https:\/\/fjordos.usn.no\/wp-content\/uploads\/2021\/03\/Griddbokser-1-e1620050097569-1024x634.png 1024w, https:\/\/fjordos.usn.no\/wp-content\/uploads\/2021\/03\/Griddbokser-1-e1620050097569-300x186.png 300w, https:\/\/fjordos.usn.no\/wp-content\/uploads\/2021\/03\/Griddbokser-1-e1620050097569-768x476.png 768w, https:\/\/fjordos.usn.no\/wp-content\/uploads\/2021\/03\/Griddbokser-1-e1620050097569.png 1485w\" sizes=\"auto, (max-width: 768px) 100vw, 768px\" \/><\/figure><\/div>\n\n\n\n<p>Mer om n\u00e5r naturen deles opp i bokser <a href=\"https:\/\/fjordos.usn.no\/?page_id=1174\" data-type=\"page\" data-id=\"1174\">her<\/a>.<\/p>\n\n\n\n<hr class=\"wp-block-separator\"\/>\n\n\n\n<h2 class=\"wp-block-heading\">Beregninger<\/h2>\n\n\n\n<p>Vann f\u00f8lger naturens lover. N\u00e5r disse lovene skrives som ligninger, kan de mates inn i regnemaskiner. Slik kan vannets bevegelser beregnes. <\/p>\n\n\n\n<p>De fleste beregningene er gjort p\u00e5 nasjonale tungregnemaskiner. <\/p>\n\n\n\n<div class=\"wp-block-image\"><figure class=\"aligncenter size-large is-resized\"><img loading=\"lazy\" decoding=\"async\" src=\"https:\/\/fjordos.usn.no\/wp-content\/uploads\/2021\/03\/Matematisk_modell-1-e1620049927428-1024x743.png\" alt=\"\" class=\"wp-image-4865\" width=\"768\" height=\"557\" srcset=\"https:\/\/fjordos.usn.no\/wp-content\/uploads\/2021\/03\/Matematisk_modell-1-e1620049927428-1024x743.png 1024w, https:\/\/fjordos.usn.no\/wp-content\/uploads\/2021\/03\/Matematisk_modell-1-e1620049927428-300x218.png 300w, https:\/\/fjordos.usn.no\/wp-content\/uploads\/2021\/03\/Matematisk_modell-1-e1620049927428-768x557.png 768w, https:\/\/fjordos.usn.no\/wp-content\/uploads\/2021\/03\/Matematisk_modell-1-e1620049927428-1536x1115.png 1536w, https:\/\/fjordos.usn.no\/wp-content\/uploads\/2021\/03\/Matematisk_modell-1-e1620049927428.png 1550w\" sizes=\"auto, (max-width: 768px) 100vw, 768px\" \/><\/figure><\/div>\n\n\n\n<p>En modell som skal gi varsler om fremtiden, m\u00e5 kj\u00f8res fremover i tid. Jo lengre fremover i tid,  jo mer usikre blir resultatene. Mens en modell som skal si noe om typiske situasjoner i fjorden, kj\u00f8res bakover i tiden.<\/p>\n\n\n\n<p>FjordOs-modellen gir b\u00e5de <a href=\"https:\/\/fjordos.usn.no\/?page_id=2470\" data-type=\"page\" data-id=\"2470\">varsler <\/a>og <a href=\"https:\/\/fjordos.usn.no\/?page_id=2079\" data-type=\"page\" data-id=\"2079\">statistikk<\/a>. Statistikken er basert p\u00e5 5 \u00e5rs modellkj\u00f8ringer.<\/p>\n\n\n\n<hr class=\"wp-block-separator\"\/>\n\n\n\n<h2 class=\"wp-block-heading\">Validering<\/h2>\n\n\n\n<p>Etter at beregningene er gjennomf\u00f8rt, m\u00e5 modellen valideres. FjordOs-modellen er validert gjennom m\u00e5linger av b\u00e5de hydrografi og drivbaner. Dessverre er det mangel p\u00e5 et godt datasett som dekker store deler av fjorden over en lengre periode. Derfor er modellen kun validert med stikkpr\u00f8ver.<\/p>\n\n\n\n<div class=\"wp-block-columns is-layout-flex wp-container-core-columns-is-layout-9d6595d7 wp-block-columns-is-layout-flex\">\n<div class=\"wp-block-column is-layout-flow wp-block-column-is-layout-flow\">\n<div class=\"wp-block-image\"><figure class=\"aligncenter size-medium is-resized\"><img loading=\"lazy\" decoding=\"async\" src=\"https:\/\/fjordos.usn.no\/wp-content\/uploads\/2017\/09\/IMG_20170829_101820-300x168.jpg\" alt=\"\" class=\"wp-image-1875\" width=\"300\" height=\"168\" srcset=\"https:\/\/fjordos.usn.no\/wp-content\/uploads\/2017\/09\/IMG_20170829_101820-300x168.jpg 300w, https:\/\/fjordos.usn.no\/wp-content\/uploads\/2017\/09\/IMG_20170829_101820-1024x575.jpg 1024w, https:\/\/fjordos.usn.no\/wp-content\/uploads\/2017\/09\/IMG_20170829_101820-768x431.jpg 768w, https:\/\/fjordos.usn.no\/wp-content\/uploads\/2017\/09\/IMG_20170829_101820-1536x863.jpg 1536w, https:\/\/fjordos.usn.no\/wp-content\/uploads\/2017\/09\/IMG_20170829_101820-2048x1150.jpg 2048w, https:\/\/fjordos.usn.no\/wp-content\/uploads\/2017\/09\/IMG_20170829_101820-1568x880.jpg 1568w\" sizes=\"auto, (max-width: 300px) 100vw, 300px\" \/><\/figure><\/div>\n\n\n\n<p>Les mer om <a href=\"https:\/\/fjordos.usn.no\/?page_id=2081\" data-type=\"page\" data-id=\"2081\">m\u00e5letokt med KV Nornen<\/a>.<\/p>\n<\/div>\n\n\n\n<div class=\"wp-block-column is-layout-flow wp-block-column-is-layout-flow\">\n<div class=\"wp-block-image\"><figure class=\"aligncenter size-medium is-resized\"><img loading=\"lazy\" decoding=\"async\" src=\"https:\/\/fjordos.usn.no\/wp-content\/uploads\/2021\/05\/TrygveBraarud-300x225.png\" alt=\"\" class=\"wp-image-4883\" width=\"225\" height=\"169\" srcset=\"https:\/\/fjordos.usn.no\/wp-content\/uploads\/2021\/05\/TrygveBraarud-300x225.png 300w, https:\/\/fjordos.usn.no\/wp-content\/uploads\/2021\/05\/TrygveBraarud-768x576.png 768w, https:\/\/fjordos.usn.no\/wp-content\/uploads\/2021\/05\/TrygveBraarud.png 930w\" sizes=\"auto, (max-width: 225px) 100vw, 225px\" \/><\/figure><\/div>\n\n\n\n<p>Les mer om <a href=\"https:\/\/fjordos.usn.no\/?p=1671\" data-type=\"post\" data-id=\"1671\">m\u00e5letokt med Trygve Braarud<\/a><\/p>\n<\/div>\n\n\n\n<div class=\"wp-block-column is-layout-flow wp-block-column-is-layout-flow\">\n<div class=\"wp-block-image\"><figure class=\"aligncenter size-medium is-resized\"><img loading=\"lazy\" decoding=\"async\" src=\"https:\/\/fjordos.usn.no\/wp-content\/uploads\/2021\/01\/fjordos_v6.1_2018_ferrybox_salt_tseries-300x192.png\" alt=\"\" class=\"wp-image-4639\" width=\"263\" height=\"168\" srcset=\"https:\/\/fjordos.usn.no\/wp-content\/uploads\/2021\/01\/fjordos_v6.1_2018_ferrybox_salt_tseries-300x192.png 300w, https:\/\/fjordos.usn.no\/wp-content\/uploads\/2021\/01\/fjordos_v6.1_2018_ferrybox_salt_tseries-1024x655.png 1024w, https:\/\/fjordos.usn.no\/wp-content\/uploads\/2021\/01\/fjordos_v6.1_2018_ferrybox_salt_tseries-768x492.png 768w, https:\/\/fjordos.usn.no\/wp-content\/uploads\/2021\/01\/fjordos_v6.1_2018_ferrybox_salt_tseries-1536x983.png 1536w, https:\/\/fjordos.usn.no\/wp-content\/uploads\/2021\/01\/fjordos_v6.1_2018_ferrybox_salt_tseries.png 1881w\" sizes=\"auto, (max-width: 263px) 100vw, 263px\" \/><\/figure><\/div>\n\n\n\n<p>Les mer om av blant annet <a href=\"https:\/\/fjordos.usn.no\/?page_id=2993\">Ferrybox-m\u00e5lingene<\/a><\/p>\n<\/div>\n<\/div>\n\n\n\n<h2 class=\"wp-block-heading\">Presentasjon av resultater<\/h2>\n\n\n\n<p>Regnemaskinene gir store datafiler som inneholder mange tall. P\u00e5 bakgrunn av disse tallene, beregnes statistikk og varsler, samt plottes figurer og lages tabeller for en rekke forskjellige parametere.<\/p>\n\n\n\n<div class=\"wp-block-columns is-layout-flex wp-container-core-columns-is-layout-9d6595d7 wp-block-columns-is-layout-flex\">\n<div class=\"wp-block-column is-layout-flow wp-block-column-is-layout-flow\">\n<div class=\"wp-block-image\"><figure class=\"aligncenter size-medium is-resized\"><img loading=\"lazy\" decoding=\"async\" src=\"https:\/\/fjordos.usn.no\/wp-content\/uploads\/2020\/12\/resultater_liten-300x167.png\" alt=\"\" class=\"wp-image-2565\" width=\"300\" height=\"167\" srcset=\"https:\/\/fjordos.usn.no\/wp-content\/uploads\/2020\/12\/resultater_liten-300x167.png 300w, https:\/\/fjordos.usn.no\/wp-content\/uploads\/2020\/12\/resultater_liten-768x428.png 768w, https:\/\/fjordos.usn.no\/wp-content\/uploads\/2020\/12\/resultater_liten.png 903w\" sizes=\"auto, (max-width: 300px) 100vw, 300px\" \/><\/figure><\/div>\n\n\n\n<p>Se <a href=\"https:\/\/fjordos.usn.no\/?page_id=2079\" data-type=\"page\" data-id=\"2079\">resultater fra forskjellige omr\u00e5der i fjorden<\/a><\/p>\n<\/div>\n\n\n\n<div class=\"wp-block-column is-layout-flow wp-block-column-is-layout-flow\">\n<div class=\"wp-block-image\"><figure class=\"aligncenter size-medium is-resized\"><img loading=\"lazy\" decoding=\"async\" src=\"https:\/\/fjordos.usn.no\/wp-content\/uploads\/2021\/05\/Breiangen_varsel-2-300x225.png\" alt=\"\" class=\"wp-image-4884\" width=\"225\" height=\"169\" srcset=\"https:\/\/fjordos.usn.no\/wp-content\/uploads\/2021\/05\/Breiangen_varsel-2-300x225.png 300w, https:\/\/fjordos.usn.no\/wp-content\/uploads\/2021\/05\/Breiangen_varsel-2-1024x769.png 1024w, https:\/\/fjordos.usn.no\/wp-content\/uploads\/2021\/05\/Breiangen_varsel-2-768x576.png 768w, https:\/\/fjordos.usn.no\/wp-content\/uploads\/2021\/05\/Breiangen_varsel-2.png 1195w\" sizes=\"auto, (max-width: 225px) 100vw, 225px\" \/><\/figure><\/div>\n\n\n\n<p>Se <a href=\"https:\/\/fjordos.usn.no\/?page_id=2470\">str\u00f8mvarsler<\/a><\/p>\n<\/div>\n\n\n\n<div class=\"wp-block-column is-layout-flow wp-block-column-is-layout-flow\">\n<div class=\"wp-block-image\"><figure class=\"aligncenter size-medium is-resized\"><img loading=\"lazy\" decoding=\"async\" src=\"https:\/\/fjordos.usn.no\/wp-content\/uploads\/2017\/07\/Breiangen-e1607696677386-300x117.png\" alt=\"\" class=\"wp-image-1858\" width=\"300\" height=\"117\" srcset=\"https:\/\/fjordos.usn.no\/wp-content\/uploads\/2017\/07\/Breiangen-e1607696677386-300x117.png 300w, https:\/\/fjordos.usn.no\/wp-content\/uploads\/2017\/07\/Breiangen-e1607696677386-768x301.png 768w, https:\/\/fjordos.usn.no\/wp-content\/uploads\/2017\/07\/Breiangen-e1607696677386.png 945w\" sizes=\"auto, (max-width: 300px) 100vw, 300px\" \/><\/figure><\/div>\n\n\n\n<p>F\u00e5 <a href=\"https:\/\/fjordos.usn.no\/?page_id=4836\">tilgang til dataene<\/a> (dette krever kunnskap om blant annet netcdf-filer)<\/p>\n<\/div>\n<\/div>\n\n\n\n<p>I tillegg kommer <a href=\"https:\/\/fjordos.usn.no\/?page_id=2143\">foredrag og faglige publikasjoner<\/a>. <\/p>\n\n\n\n<hr class=\"wp-block-separator\"\/>\n\n\n\n<h2 class=\"wp-block-heading\">Bruk av resultatene<\/h2>\n\n\n\n<p>Resultatene fra FjordOs-modellen er brukt i en lang rekke anvendelser. I FjordOs I var fokuset p\u00e5 havneutvikling i Moss havn og oljedrift. De to anvendelsene representerer to forskjellige anvendelsesomr\u00e5der. Havneutvikling krever en h\u00f8yoppl\u00f8selig modell og statistiske utregninger. Oljedrift krever en rask modell med varsler frem  i tid. I tidlig fase ble derfor flere modellsystemer testet.<\/p>\n\n\n\n<p>Les mer om <a href=\"https:\/\/fjordos.usn.no\/?page_id=2109\" data-type=\"page\" data-id=\"2109\">flere anvendelser<\/a><\/p>\n\n\n\n<hr class=\"wp-block-separator\"\/>\n","protected":false},"excerpt":{"rendered":"<p>Forskningsprosjekter g\u00e5r gjennom mange faser. Her er en rask gjennomgang av hvordan arbeidet med FjordOs-prosjektet har foreg\u00e5tt. Kartlegging av behov F\u00f8r prosjektet startet ble behovene og interessen kartlagt. Og det ble klart at det var behov for en modell med st\u00f8rre oppl\u00f8sning enn \u00f8vrige modeller. Beste oppl\u00f8sning i Oslofjorden da prosjektet ble startet, var fire &hellip;<\/p>\n<p class=\"read-more\"> <a class=\"\" href=\"https:\/\/fjordos.usn.no\/?page_id=4881\"> <span class=\"screen-reader-text\">Arbeidet med FjordOs<\/span> Les mer &raquo;<\/a><\/p>\n","protected":false},"author":2,"featured_media":0,"parent":2077,"menu_order":0,"comment_status":"closed","ping_status":"closed","template":"","meta":{"footnotes":""},"class_list":["post-4881","page","type-page","status-publish","hentry"],"_links":{"self":[{"href":"https:\/\/fjordos.usn.no\/index.php?rest_route=\/wp\/v2\/pages\/4881","targetHints":{"allow":["GET"]}}],"collection":[{"href":"https:\/\/fjordos.usn.no\/index.php?rest_route=\/wp\/v2\/pages"}],"about":[{"href":"https:\/\/fjordos.usn.no\/index.php?rest_route=\/wp\/v2\/types\/page"}],"author":[{"embeddable":true,"href":"https:\/\/fjordos.usn.no\/index.php?rest_route=\/wp\/v2\/users\/2"}],"replies":[{"embeddable":true,"href":"https:\/\/fjordos.usn.no\/index.php?rest_route=%2Fwp%2Fv2%2Fcomments&post=4881"}],"version-history":[{"count":5,"href":"https:\/\/fjordos.usn.no\/index.php?rest_route=\/wp\/v2\/pages\/4881\/revisions"}],"predecessor-version":[{"id":4890,"href":"https:\/\/fjordos.usn.no\/index.php?rest_route=\/wp\/v2\/pages\/4881\/revisions\/4890"}],"up":[{"embeddable":true,"href":"https:\/\/fjordos.usn.no\/index.php?rest_route=\/wp\/v2\/pages\/2077"}],"wp:attachment":[{"href":"https:\/\/fjordos.usn.no\/index.php?rest_route=%2Fwp%2Fv2%2Fmedia&parent=4881"}],"curies":[{"name":"wp","href":"https:\/\/api.w.org\/{rel}","templated":true}]}}