{"id":4899,"date":"2021-06-11T13:28:42","date_gmt":"2021-06-11T11:28:42","guid":{"rendered":"https:\/\/fjordos.usn.no\/?page_id=4899"},"modified":"2021-06-11T13:28:43","modified_gmt":"2021-06-11T11:28:43","slug":"validering-av-vannstand","status":"publish","type":"page","link":"https:\/\/fjordos.usn.no\/?page_id=4899","title":{"rendered":"Validering av vannstand"},"content":{"rendered":"\n<p>Kartverket har 24 faste stasjoner for \u00e5 m\u00e5ling av vannstand langs norskekysten. Fire av disse ligger i Oslofjorden: to helt s\u00f8r (Helgeroa og Viker) og to lengre inn i fjorden (Oscarsborg og Oslo). Ved \u00e5 sammenligne de observerte vannstandene med de modellerte f\u00e5r vi et innblikk i hvor godt modellen klarer \u00e5 fange opp effekter fra tidevann og v\u00e6rsituasjoner.<\/p>\n\n\n\n<p>Du kan selv hente observasjonene fra <a href=\"https:\/\/api.sehavniva.no\/tideapi_no.html\" target=\"_blank\" rel=\"noreferrer noopener\">www.sehavniva.no<\/a>.<\/p>\n\n\n\n<h2 class=\"wp-block-heading\">Tidsserier<\/h2>\n\n\n\n<p>Tidsserier viser variasjoner p\u00e5 flere tidsskalaer. Her er et eksempel fra Oscarsborg der observert vannstand er i r\u00f8dt og modellert i svart.<\/p>\n\n\n\n<figure class=\"wp-block-image size-large\"><img loading=\"lazy\" decoding=\"async\" width=\"1024\" height=\"381\" src=\"https:\/\/fjordos.usn.no\/wp-content\/uploads\/2021\/06\/Vannstand_tidsserie_Oscarsborg_2017-1024x381.png\" alt=\"\" class=\"wp-image-4901\" srcset=\"https:\/\/fjordos.usn.no\/wp-content\/uploads\/2021\/06\/Vannstand_tidsserie_Oscarsborg_2017-1024x381.png 1024w, https:\/\/fjordos.usn.no\/wp-content\/uploads\/2021\/06\/Vannstand_tidsserie_Oscarsborg_2017-300x112.png 300w, https:\/\/fjordos.usn.no\/wp-content\/uploads\/2021\/06\/Vannstand_tidsserie_Oscarsborg_2017-768x286.png 768w, https:\/\/fjordos.usn.no\/wp-content\/uploads\/2021\/06\/Vannstand_tidsserie_Oscarsborg_2017-1536x571.png 1536w, https:\/\/fjordos.usn.no\/wp-content\/uploads\/2021\/06\/Vannstand_tidsserie_Oscarsborg_2017-2048x762.png 2048w\" sizes=\"auto, (max-width: 1024px) 100vw, 1024px\" \/><\/figure>\n\n\n\n<p>Det daglige tidevannet har maksimum og minimum to ganger hver dag. I tillegg kommer vekselvirkningene mellom forskjellige tidevannskomponenter som gir m\u00e5nedlige og \u00e5rlige endringer. P\u00e5 toppen av dette kommer effekter fra forskjellige v\u00e6rsituasjoner. Et typisk eksempel er i m\u00e5nedsskiftet september-oktober der vannstanden har v\u00e6rt lav en periode f\u00f8r den plutselig stiger.<\/p>\n\n\n\n<div class=\"wp-block-columns is-layout-flex wp-container-core-columns-is-layout-9d6595d7 wp-block-columns-is-layout-flex\">\n<div class=\"wp-block-column is-layout-flow wp-block-column-is-layout-flow\">\n<p>En m\u00e5te \u00e5 se p\u00e5 hvor godt samsvar det er mellom observasjoner og virkelighet, er \u00e5 plotte observert vannstand mot modellert vannstand ved samme tidspunkt i det vi kaller et skatter-plott. Disse punktene b\u00f8r helst ligge p\u00e5 eller n\u00e6r linjen y = x. <\/p>\n\n\n\n<p>Et eksempel er vist i de gr\u00e5 prikkene i denne figuren. Prikkene har dessuten f\u00e5tt m\u00f8rkere farge jo flere punkter som ligger i n\u00e6rheten. Vi ser at de m\u00f8rkeste punktene ligger n\u00e6rmest linjen y = x. <\/p>\n\n\n\n<p>For \u00e5 se p\u00e5 den statistiske fordelingen kan vi sortere b\u00e5de observasjonene og modellresultatene fra minst til st\u00f8rst. Deretter kan vi plotte laveste observerte vannstand mot laveste modellerte og videre oppover til h\u00f8yeste observerte vannstand mot h\u00f8yeste modellerte vannstand.<\/p>\n\n\n\n<p>Det er det vi har gjort med de r\u00f8de prikkene. Vi ser at den statistiske fordelingen er sv\u00e6rt god (dvs. f\u00f8lger linjen y=x). I en del tilfeller bommer modellen p\u00e5 tidspunkt, men den statistiske fordelingen kan likevel v\u00e6re god. Unntaket er ved de h\u00f8yeste observerte vannstandene der de r\u00f8de prikkene ligger et stykke fra linjen y=x. Antall observasjoner med s\u00e5 h\u00f8y vannstand er sv\u00e6rt f\u00e5 og kan skyldes feilm\u00e5linger eller lokale forhold som modellen ikke klarer \u00e5 fange opp.<\/p>\n<\/div>\n\n\n\n<div class=\"wp-block-column is-layout-flow wp-block-column-is-layout-flow\">\n<figure class=\"wp-block-image size-large\"><img loading=\"lazy\" decoding=\"async\" width=\"1024\" height=\"1015\" src=\"https:\/\/fjordos.usn.no\/wp-content\/uploads\/2021\/06\/Vannstand_QQ_Oscarsborg_2017-1024x1015.png\" alt=\"\" class=\"wp-image-4902\" srcset=\"https:\/\/fjordos.usn.no\/wp-content\/uploads\/2021\/06\/Vannstand_QQ_Oscarsborg_2017-1024x1015.png 1024w, https:\/\/fjordos.usn.no\/wp-content\/uploads\/2021\/06\/Vannstand_QQ_Oscarsborg_2017-300x297.png 300w, https:\/\/fjordos.usn.no\/wp-content\/uploads\/2021\/06\/Vannstand_QQ_Oscarsborg_2017-150x150.png 150w, https:\/\/fjordos.usn.no\/wp-content\/uploads\/2021\/06\/Vannstand_QQ_Oscarsborg_2017-768x761.png 768w, https:\/\/fjordos.usn.no\/wp-content\/uploads\/2021\/06\/Vannstand_QQ_Oscarsborg_2017-1536x1522.png 1536w, https:\/\/fjordos.usn.no\/wp-content\/uploads\/2021\/06\/Vannstand_QQ_Oscarsborg_2017-2048x2029.png 2048w\" sizes=\"auto, (max-width: 1024px) 100vw, 1024px\" \/><\/figure>\n<\/div>\n<\/div>\n\n\n\n<p>Siden det er sv\u00e6rt lite forskjell p\u00e5 vannstand mellom de fire stasjonene, har vi valgt \u00e5 kun vise resultater fra Oscarsborg her.<\/p>\n","protected":false},"excerpt":{"rendered":"<p>Kartverket har 24 faste stasjoner for \u00e5 m\u00e5ling av vannstand langs norskekysten. Fire av disse ligger i Oslofjorden: to helt s\u00f8r (Helgeroa og Viker) og to lengre inn i fjorden (Oscarsborg og Oslo). Ved \u00e5 sammenligne de observerte vannstandene med de modellerte f\u00e5r vi et innblikk i hvor godt modellen klarer \u00e5 fange opp effekter &hellip;<\/p>\n<p class=\"read-more\"> <a class=\"\" href=\"https:\/\/fjordos.usn.no\/?page_id=4899\"> <span class=\"screen-reader-text\">Validering av vannstand<\/span> Les mer &raquo;<\/a><\/p>\n","protected":false},"author":2,"featured_media":0,"parent":2993,"menu_order":0,"comment_status":"closed","ping_status":"closed","template":"","meta":{"footnotes":""},"class_list":["post-4899","page","type-page","status-publish","hentry"],"_links":{"self":[{"href":"https:\/\/fjordos.usn.no\/index.php?rest_route=\/wp\/v2\/pages\/4899","targetHints":{"allow":["GET"]}}],"collection":[{"href":"https:\/\/fjordos.usn.no\/index.php?rest_route=\/wp\/v2\/pages"}],"about":[{"href":"https:\/\/fjordos.usn.no\/index.php?rest_route=\/wp\/v2\/types\/page"}],"author":[{"embeddable":true,"href":"https:\/\/fjordos.usn.no\/index.php?rest_route=\/wp\/v2\/users\/2"}],"replies":[{"embeddable":true,"href":"https:\/\/fjordos.usn.no\/index.php?rest_route=%2Fwp%2Fv2%2Fcomments&post=4899"}],"version-history":[{"count":1,"href":"https:\/\/fjordos.usn.no\/index.php?rest_route=\/wp\/v2\/pages\/4899\/revisions"}],"predecessor-version":[{"id":4903,"href":"https:\/\/fjordos.usn.no\/index.php?rest_route=\/wp\/v2\/pages\/4899\/revisions\/4903"}],"up":[{"embeddable":true,"href":"https:\/\/fjordos.usn.no\/index.php?rest_route=\/wp\/v2\/pages\/2993"}],"wp:attachment":[{"href":"https:\/\/fjordos.usn.no\/index.php?rest_route=%2Fwp%2Fv2%2Fmedia&parent=4899"}],"curies":[{"name":"wp","href":"https:\/\/api.w.org\/{rel}","templated":true}]}}