{"id":724,"date":"2010-09-15T05:33:46","date_gmt":"2010-09-15T05:33:46","guid":{"rendered":"http:\/\/elegantthemes.com\/preview\/DeepFocus\/?page_id=2"},"modified":"2021-05-12T13:23:05","modified_gmt":"2021-05-12T11:23:05","slug":"about-2","status":"publish","type":"page","link":"https:\/\/fjordos.usn.no\/?page_id=724","title":{"rendered":"Om FjordOs"},"content":{"rendered":"\n<p><strong>FjordOs er en h\u00f8yoppl\u00f8selig, numerisk modell som gir \u00f8kt kunnskap om str\u00f8mforhold, temperatur og vannstand, og som kan brukes som underlag for blant annet drivbaneberegninger. En kombinasjon av observasjoner og en beregningsmodell som gir n\u00f8yaktig beskrivelse av lokale str\u00f8mforhold, vil v\u00e6re uvurderlige verkt\u00f8y for forvaltningsmyndigheter og n\u00e6ringsliv i Oslofjordregionen.<\/strong><\/p>\n\n\n\n<!--more-->\n\n\n\n<p>Prosjektet er delt opp i to faser. FjordOs I ble fullf\u00f8rt v\u00e5ren 2017. FjordOs II startet opp h\u00f8sten 2017 og vil etter planen fullf\u00f8res sommeren 2021.<\/p>\n\n\n\n<h3 class=\"wp-block-heading\">FjordOs I<\/h3>\n\n\n\n<p><strong>I FjordOs I ble arbeidet&nbsp;delt opp i tre arbeidspakker (AP) som&nbsp;tok for seg f\u00f8lgende&nbsp;<\/strong><strong> tre problemstillingene:<\/strong><\/p>\n\n\n\n<p>AP<sub>1<\/sub>: Utvikling av ny Oslofjordmodell (FjordOs)<br>AP<sub>2<\/sub>: Studier av oljedrift basert p\u00e5 dagens ROMS (dagens) og FjordOs<br>AP<sub>3<\/sub>: Studier av endret sirkulasjonsm\u00f8nster ved ulike utforming av havneutbygging<\/p>\n\n\n\n<p>AP1 utgjorde kjernen i prosjektet. Verdien av de to andre arbeidspakkene avhang av vellykketheten av AP1. Hensikten&nbsp; med AP2 og AP3&nbsp;var \u00e5 synliggj\u00f8re nytten av \u00e5 ha et bedre egnet beredskapsverkt\u00f8y for forvaltning og n\u00e6ringsliv.<\/p>\n\n\n\n<h3 class=\"wp-block-heading\">FjordOs II<\/h3>\n\n\n\n<div class=\"wp-block-image\"><figure class=\"alignright\"><a href=\"https:\/\/fjordos.usn.no\/wp-content\/uploads\/2017\/02\/FjordOsII.png\"><img loading=\"lazy\" decoding=\"async\" width=\"341\" height=\"331\" src=\"https:\/\/fjordos.usn.no\/wp-content\/uploads\/2017\/02\/FjordOsII.png\" alt=\"\" class=\"wp-image-1715\" srcset=\"https:\/\/fjordos.usn.no\/wp-content\/uploads\/2017\/02\/FjordOsII.png 341w, https:\/\/fjordos.usn.no\/wp-content\/uploads\/2017\/02\/FjordOsII-300x291.png 300w\" sizes=\"auto, (max-width: 341px) 100vw, 341px\" \/><\/a><\/figure><\/div>\n\n\n\n<p><strong>I FjordOs II er arbeidet delt opp i tre arbeidspakker (AP) som tar for seg f\u00f8lgende tre problemstillinger:<\/strong><\/p>\n\n\n\n<p>AP<sub>1<\/sub>: Normal- og ekstremsituasjoner<br>AP<sub>2<\/sub>: Operativ bruk<br>AP<sub>3<\/sub>: Kvalitet<\/p>\n\n\n\n<p><strong>Tverrfaglig l\u00f8ft<\/strong><\/p>\n\n\n\n<p>Prosjektet inneb\u00e6rer samarbeid p\u00e5 tvers av bransjer og fagmilj\u00f8, og bidrar til \u00e5&nbsp;fremme samarbeid innad i regionen. Det kreves et tverrfaglig l\u00f8ft for \u00e5 m\u00f8te utfordringene. Prosjektet er formet etter trippel heliks modellen der kunnskap, kreativ dialog og oppf\u00f8lging tvinnes sammen i en tverrfaglig helhet.<\/p>\n\n\n\n<h2 class=\"wp-block-heading\">Mer informasjon:<\/h2>\n\n\n\n<ul class=\"wp-block-list\"><li><a href=\"https:\/\/fjordos.usn.no\/?page_id=853\" data-type=\"page\" data-id=\"853\"><strong>Bakgrunn<\/strong><\/a><\/li><li><a href=\"https:\/\/fjordos.usn.no\/?page_id=4881\" data-type=\"page\" data-id=\"4881\"><strong>Arbeidet med FjordOs<\/strong><\/a><\/li><li><strong><a href=\"https:\/\/fjordos.usn.no\/?page_id=857\" data-type=\"page\" data-id=\"857\">Partnere i FjordOs<\/a><\/strong><\/li><li><strong><a href=\"https:\/\/fjordos.usn.no\/?page_id=2109\" data-type=\"page\" data-id=\"2109\">Anvendelser<\/a><\/strong><\/li><li><strong><a href=\"https:\/\/fjordos.usn.no\/?page_id=852\" data-type=\"page\" data-id=\"852\">Kontakt<\/a><\/strong><\/li><\/ul>\n\n\n\n<hr class=\"wp-block-separator\"\/>\n\n\n\n<p><\/p>\n","protected":false},"excerpt":{"rendered":"<p>FjordOs er en h\u00f8yoppl\u00f8selig, numerisk modell som gir \u00f8kt kunnskap om str\u00f8mforhold, temperatur og vannstand, og som kan brukes som underlag for blant annet drivbaneberegninger. En kombinasjon av observasjoner og en beregningsmodell som gir n\u00f8yaktig beskrivelse av lokale str\u00f8mforhold, vil v\u00e6re uvurderlige verkt\u00f8y for forvaltningsmyndigheter og n\u00e6ringsliv i Oslofjordregionen.<\/p>\n","protected":false},"author":2,"featured_media":0,"parent":0,"menu_order":0,"comment_status":"closed","ping_status":"open","template":"","meta":{"footnotes":""},"class_list":["post-724","page","type-page","status-publish","hentry"],"_links":{"self":[{"href":"https:\/\/fjordos.usn.no\/index.php?rest_route=\/wp\/v2\/pages\/724","targetHints":{"allow":["GET"]}}],"collection":[{"href":"https:\/\/fjordos.usn.no\/index.php?rest_route=\/wp\/v2\/pages"}],"about":[{"href":"https:\/\/fjordos.usn.no\/index.php?rest_route=\/wp\/v2\/types\/page"}],"author":[{"embeddable":true,"href":"https:\/\/fjordos.usn.no\/index.php?rest_route=\/wp\/v2\/users\/2"}],"replies":[{"embeddable":true,"href":"https:\/\/fjordos.usn.no\/index.php?rest_route=%2Fwp%2Fv2%2Fcomments&post=724"}],"version-history":[{"count":13,"href":"https:\/\/fjordos.usn.no\/index.php?rest_route=\/wp\/v2\/pages\/724\/revisions"}],"predecessor-version":[{"id":4893,"href":"https:\/\/fjordos.usn.no\/index.php?rest_route=\/wp\/v2\/pages\/724\/revisions\/4893"}],"wp:attachment":[{"href":"https:\/\/fjordos.usn.no\/index.php?rest_route=%2Fwp%2Fv2%2Fmedia&parent=724"}],"curies":[{"name":"wp","href":"https:\/\/api.w.org\/{rel}","templated":true}]}}