{"id":853,"date":"2013-03-10T21:05:42","date_gmt":"2013-03-10T20:05:42","guid":{"rendered":"http:\/\/www.fjordos.no\/live\/?page_id=853"},"modified":"2021-05-12T13:19:44","modified_gmt":"2021-05-12T11:19:44","slug":"om-fjordos","status":"publish","type":"page","link":"https:\/\/fjordos.usn.no\/?page_id=853","title":{"rendered":"Bakgrunn"},"content":{"rendered":"\n<p><strong>Ny Oslofjordmodell<\/strong><br>&#8211; <strong>for varsling av str\u00f8m, vannstand og hydrografi, her anvendt p\u00e5 oljevernberedskap og havneutvikling.<\/strong><\/p>\n\n\n\n<p>Mer enn 40% av Norges befolkning bor mindre enn 1 times kj\u00f8ring fra Oslofjorden. En voksende befolkning med mer fritid, st\u00f8rre mobilitet og h\u00f8yere levestandard \u00f8ker presset p\u00e5 friluftsomr\u00e5dene ved fjorden. Den siste b\u00e5tlivsunders\u00f8kelsen viser at det finnes ca. 752 000 fritidsb\u00e5ter i Norge og at hver fjerde husholdning har en fritidsb\u00e5t.<\/p>\n\n\n\n<div class=\"wp-block-image\"><figure class=\"alignright\"><a href=\"https:\/\/fjordos.usn.no\/wp-content\/uploads\/2013\/03\/Seilbat1_HalvorSchoyen.jpg\"><img loading=\"lazy\" decoding=\"async\" width=\"300\" height=\"200\" src=\"https:\/\/fjordos.usn.no\/wp-content\/uploads\/2013\/03\/Seilbat1_HalvorSchoyen-300x200.jpg\" alt=\"Seilb\u00e5t1_HalvorSch\u00f8yen\" class=\"wp-image-1126\" srcset=\"https:\/\/fjordos.usn.no\/wp-content\/uploads\/2013\/03\/Seilbat1_HalvorSchoyen-300x200.jpg 300w, https:\/\/fjordos.usn.no\/wp-content\/uploads\/2013\/03\/Seilbat1_HalvorSchoyen-1024x683.jpg 1024w, https:\/\/fjordos.usn.no\/wp-content\/uploads\/2013\/03\/Seilbat1_HalvorSchoyen-768x512.jpg 768w, https:\/\/fjordos.usn.no\/wp-content\/uploads\/2013\/03\/Seilbat1_HalvorSchoyen-1536x1024.jpg 1536w, https:\/\/fjordos.usn.no\/wp-content\/uploads\/2013\/03\/Seilbat1_HalvorSchoyen-2048x1365.jpg 2048w, https:\/\/fjordos.usn.no\/wp-content\/uploads\/2013\/03\/Seilbat1_HalvorSchoyen-1568x1045.jpg 1568w\" sizes=\"auto, (max-width: 300px) 100vw, 300px\" \/><\/a><\/figure><\/div>\n\n\n\n<p>B\u00e5de n\u00e6ringsvirksomhet og fritidsbruk er en belastning p\u00e5 fjorden. Enkelte fiskebestander er betydelig redusert, vannkvaliteten i Ytre Oslofjord er noe forverret de senere \u00e5r og det har v\u00e6rt flere skadelige oljeutslipp i den senere tid. Oslofjorden har landets h\u00f8yeste trafikktetthet av ferjer, lasteb\u00e5ter, charter- og fritidsb\u00e5ter. Slagentangen har 800 \u00e5rlige skipsanl\u00f8p. Og containertrafikken i Oslofjorden har \u00f8kt med 42 prosent i perioden 2003-2010. Selv om rutinene skjerpes, er utslippssannsynligheten stor grunnet h\u00f8y trafikktetthet.<br>Sommeren 2013 planlegges Oslofjordens andre nasjonalpark \u00e5pnet i Tj\u00f8me. Dermed f\u00e5r Oslofjorden to nasjonalparker. I tillegg er det 88 verneomr\u00e5der i Oslofjorden og langs Telemarkskysten. Dette medf\u00f8rer et stort milj\u00f8- og forvaltningsansvar.<br>Sj\u00f8sikkerhet er spesielt viktig i denne regionen da en u\u00f8nsket hendelse vil kunne ramme sv\u00e6rt mange brukere. Oslofjordregionens vannforekomster st\u00e5r derfor i en s\u00e6rstilling i Norge n\u00e5r det gjelder brukerinteresser, hvor fokuset s\u00e6rlig blir \u00e5 sikre og bevare natur- og milj\u00f8kvaliteter av god kvalitet for allmenheten p\u00e5 lang sikt. Dette medf\u00f8rer \u00f8kte krav til \u00e5 unng\u00e5 risiko etter vannforskriftene.<\/p>\n\n\n\n<p>Sammenhengen mellom helse og friluftsliv er uttrykt gjennom statens forventninger til regional og kommunal planlegging og Oslofjordens vannforekomster en viktig regional arena for dette. Rent vann og muligheten til \u00e5 kunne spise fisk og skalldyr fra sj\u00f8 og vann og \u00e5 kunne bade i rent vann er kvaliteter som alle kommunene er opptatt av \u00e5 sikre. Dette er viktige elementer i arbeidet med \u00e5 rekruttere og beholde attraktiv arbeidskraft i regionen.<\/p>\n\n\n\n<p>En fjordmodell slik den er beskrevet i dette prosjektet, vil kunne gi n\u00f8dvendige og viktige bidrag inn i arbeidet med vannforvaltningen med tanke p\u00e5 milj\u00f8tilstand, p\u00e5virkninger, overv\u00e5king og aktuelle milj\u00f8tiltak.<\/p>\n\n\n\n<h2 class=\"wp-block-heading\"><strong>Flere anvendelsesomr\u00e5der<\/strong><\/h2>\n\n\n\n<p>Prosjektet har h\u00f8y merverdi p\u00e5 grunn av de mange anvendelsesomr\u00e5dene. Fjordmodellen som utvikles i prosjektet, kan siden brukes ogs\u00e5 til andre form\u00e5l som f.eks. beregning av drivbaner for planlagte og\/eller u\u00f8nskete utslipp, spredning av virus og alger, simulatortrening, s\u00f8k og redning, krevende maritime operasjoner, biologisk utbredelse, kartlegging av fiskebestander, bl\u00e5skjellvarsel, overv\u00e5kning av vannkvalitet og behovskartlegging for rensing av ballastvann. Videre er allmennyttig varsling til glede for fritidsaktiviteter p\u00e5, i og ved fjorden (seil- og motorb\u00e5ter, kajakk, dykking, bading mm.). Erfaringer fra prosjektet vil dessuten kunne overf\u00f8res til andre kompliserte fjordsystemer i Norge f.eks. Hardangerfjorden. Endelig er fjordmodellen f\u00f8rste steg mot modellering av vannbevegelser i fjordarmenes innerste kroker, f.eks. Viksfjorden der str\u00f8mmodellering er \u00f8nsket grunnet tilgroing av gr\u00f8nnalger.<\/p>\n\n\n\n<p>Prosjektleder for FjordOs er Karina Hjelmervik ved Universitetet i S\u00f8r\u00f8st Norge.<\/p>\n\n\n\n<p>Last ned brosjyren her: <a href=\"https:\/\/fjordos.usn.no\/wp-content\/uploads\/2013\/03\/InfoFolder2.pdf\" target=\"_blank\" rel=\"noopener\">InfoFolder<\/a><\/p>\n\n\n\n<p>Last ned v\u00e5r logo <a href=\"https:\/\/fjordos.usn.no\/wp-content\/uploads\/2013\/03\/FjordOs2.jpg\" target=\"_blank\" rel=\"noopener\">her<\/a>.<\/p>\n\n\n\n<div class=\"wp-block-image\"><figure class=\"aligncenter size-medium is-resized\"><a href=\"https:\/\/fjordos.usn.no\/wp-content\/uploads\/2010\/09\/BAT-august-09-148.jpg\"><img loading=\"lazy\" decoding=\"async\" src=\"https:\/\/fjordos.usn.no\/wp-content\/uploads\/2010\/09\/BAT-august-09-148-300x201.jpg\" alt=\"B\u00c5T august 09 148\" class=\"wp-image-767\" width=\"300\" height=\"201\" srcset=\"https:\/\/fjordos.usn.no\/wp-content\/uploads\/2010\/09\/BAT-august-09-148-300x201.jpg 300w, https:\/\/fjordos.usn.no\/wp-content\/uploads\/2010\/09\/BAT-august-09-148-1024x687.jpg 1024w, https:\/\/fjordos.usn.no\/wp-content\/uploads\/2010\/09\/BAT-august-09-148-768x516.jpg 768w, https:\/\/fjordos.usn.no\/wp-content\/uploads\/2010\/09\/BAT-august-09-148-1536x1031.jpg 1536w, https:\/\/fjordos.usn.no\/wp-content\/uploads\/2010\/09\/BAT-august-09-148-2048x1375.jpg 2048w, https:\/\/fjordos.usn.no\/wp-content\/uploads\/2010\/09\/BAT-august-09-148-1568x1053.jpg 1568w\" sizes=\"auto, (max-width: 300px) 100vw, 300px\" \/><\/a><\/figure><\/div>\n\n\n\n<hr class=\"wp-block-separator\"\/>\n","protected":false},"excerpt":{"rendered":"<p>Ny Oslofjordmodell&#8211; for varsling av str\u00f8m, vannstand og hydrografi, her anvendt p\u00e5 oljevernberedskap og havneutvikling. Mer enn 40% av Norges befolkning bor mindre enn 1 times kj\u00f8ring fra Oslofjorden. En voksende befolkning med mer fritid, st\u00f8rre mobilitet og h\u00f8yere levestandard \u00f8ker presset p\u00e5 friluftsomr\u00e5dene ved fjorden. Den siste b\u00e5tlivsunders\u00f8kelsen viser at det finnes ca. 752 &hellip;<\/p>\n<p class=\"read-more\"> <a class=\"\" href=\"https:\/\/fjordos.usn.no\/?page_id=853\"> <span class=\"screen-reader-text\">Bakgrunn<\/span> Les mer &raquo;<\/a><\/p>\n","protected":false},"author":2,"featured_media":0,"parent":2077,"menu_order":0,"comment_status":"closed","ping_status":"closed","template":"","meta":{"footnotes":""},"class_list":["post-853","page","type-page","status-publish","hentry"],"_links":{"self":[{"href":"https:\/\/fjordos.usn.no\/index.php?rest_route=\/wp\/v2\/pages\/853","targetHints":{"allow":["GET"]}}],"collection":[{"href":"https:\/\/fjordos.usn.no\/index.php?rest_route=\/wp\/v2\/pages"}],"about":[{"href":"https:\/\/fjordos.usn.no\/index.php?rest_route=\/wp\/v2\/types\/page"}],"author":[{"embeddable":true,"href":"https:\/\/fjordos.usn.no\/index.php?rest_route=\/wp\/v2\/users\/2"}],"replies":[{"embeddable":true,"href":"https:\/\/fjordos.usn.no\/index.php?rest_route=%2Fwp%2Fv2%2Fcomments&post=853"}],"version-history":[{"count":3,"href":"https:\/\/fjordos.usn.no\/index.php?rest_route=\/wp\/v2\/pages\/853\/revisions"}],"predecessor-version":[{"id":4846,"href":"https:\/\/fjordos.usn.no\/index.php?rest_route=\/wp\/v2\/pages\/853\/revisions\/4846"}],"up":[{"embeddable":true,"href":"https:\/\/fjordos.usn.no\/index.php?rest_route=\/wp\/v2\/pages\/2077"}],"wp:attachment":[{"href":"https:\/\/fjordos.usn.no\/index.php?rest_route=%2Fwp%2Fv2%2Fmedia&parent=853"}],"curies":[{"name":"wp","href":"https:\/\/api.w.org\/{rel}","templated":true}]}}