{"id":857,"date":"2013-03-10T21:07:52","date_gmt":"2013-03-10T21:07:52","guid":{"rendered":"http:\/\/www.fjordos.no\/live\/?page_id=857"},"modified":"2021-03-22T14:45:44","modified_gmt":"2021-03-22T13:45:44","slug":"partnere","status":"publish","type":"page","link":"https:\/\/fjordos.usn.no\/?page_id=857","title":{"rendered":"Partnere i FjordOs"},"content":{"rendered":"\n<div class=\"wp-block-image\"><figure class=\"aligncenter size-large is-resized\"><img loading=\"lazy\" decoding=\"async\" src=\"https:\/\/fjordos.usn.no\/wp-content\/uploads\/2013\/03\/FjordOs-partnere-1024x683.jpg\" alt=\"\" class=\"wp-image-1027\" width=\"256\" height=\"171\" srcset=\"https:\/\/fjordos.usn.no\/wp-content\/uploads\/2013\/03\/FjordOs-partnere-1024x683.jpg 1024w, https:\/\/fjordos.usn.no\/wp-content\/uploads\/2013\/03\/FjordOs-partnere-300x200.jpg 300w, https:\/\/fjordos.usn.no\/wp-content\/uploads\/2013\/03\/FjordOs-partnere-768x512.jpg 768w, https:\/\/fjordos.usn.no\/wp-content\/uploads\/2013\/03\/FjordOs-partnere-1536x1024.jpg 1536w, https:\/\/fjordos.usn.no\/wp-content\/uploads\/2013\/03\/FjordOs-partnere-2048x1365.jpg 2048w, https:\/\/fjordos.usn.no\/wp-content\/uploads\/2013\/03\/FjordOs-partnere-1568x1045.jpg 1568w\" sizes=\"auto, (max-width: 256px) 100vw, 256px\" \/><figcaption>Deltagerne p\u00e5 oppstartsm\u00f8tet<\/figcaption><\/figure><\/div>\n\n\n\n<h2 class=\"wp-block-heading\">Partnere i FjordOs I (2013-2016)<\/h2>\n\n\n\n<ul class=\"wp-block-list\"><li><strong>Prosjekteier og -leder: <\/strong>H\u00f8gskolen i Vestfold (n\u00e5 USN)<\/li><li>H\u00f8gskolen i Buskerud (n\u00e5 USN)<\/li><li>Meteorologisk Institutt<\/li><li>Vestfold fylkeskommune (n\u00e5 Vestfold og Telemark)<\/li><li>\u00d8stfold fylkeskommune (n\u00e5 Viken)<\/li><li>Buskerud fylkeskommune (n\u00e5 Viken)<\/li><li>Kystverket<\/li><li>Forsvarets forskningsinstitutt<\/li><li>NIVA<\/li><li>AGNES AB Milj\u00f8konsulent<\/li><li>Exxonmobil<\/li><li>Havneallliansen<\/li><\/ul>\n\n\n\n<h2 class=\"wp-block-heading\">Partnere i FjordOs II (2017-2021)<\/h2>\n\n\n\n<ul class=\"wp-block-list\"><li><strong>Prosjekteier: <\/strong>Kystverket (<a rel=\"noopener\" href=\"http:\/\/www.kystverket.no\" target=\"_blank\">www.kystverket.no<\/a>)<\/li><li><strong>Prosjektleder:<\/strong> Universitetet i S\u00f8r\u00f8st-Norge<span style=\"font-size: 1rem; font-weight: inherit;\"> (<\/span><a style=\"font-size: 1rem; font-weight: inherit;\" href=\"http:\/\/www.usn.no\">www.usn.no<\/a><span style=\"font-size: 1rem; font-weight: inherit;\">)<\/span><\/li><li>Meteorologisk Institutt (<a rel=\"noopener\" href=\"http:\/\/www.met.no\" target=\"_blank\">www.met.no<\/a>)<\/li><li>Vestfold og Telemark fylkeskommune (<a rel=\"noreferrer noopener\" href=\"http:\/\/www.vtfk.no\" target=\"_blank\">www.vtfk.no<\/a>)<\/li><li>Viken fylkeskommune (<a rel=\"noreferrer noopener\" href=\"http:\/\/www.viken.no\" target=\"_blank\">www.viken.no<\/a><span style=\"font-size: 1rem; font-weight: inherit;\">)<\/span><\/li><li>Forsvarets forskningsinstitutt (<a rel=\"noopener\" href=\"http:\/\/www.ffi.no\" target=\"_blank\">www.ffi.no<\/a>)<\/li><li>NIVA (<a rel=\"noopener\" href=\"http:\/\/www.niva.no\" target=\"_blank\">www.niva.no<\/a>)<\/li><li>Kongsberg Maritime AS (<a href=\"https:\/\/www.km.kongsberg.com\/\">www.km.kongsberg.com<\/a>)<\/li><li>Esso Norge AS, avd. Slagentangen (<a rel=\"noreferrer noopener\" href=\"http:\/\/www.exxonmobil.no\" target=\"_blank\">www.exxonmobil.no<\/a>)<\/li><\/ul>\n\n\n\n<p>Her kan du laste ned brosjyren om <a rel=\"noopener\" href=\"https:\/\/fjordos.usn.no\/wp-content\/uploads\/2013\/03\/InfoFolder2.pdf\" target=\"_blank\">FjordOs&nbsp;<\/a>og <a rel=\"noopener\" href=\"https:\/\/fjordos.usn.no\/wp-content\/uploads\/2013\/03\/FjordOs1.jpg\" target=\"_blank\">logo<\/a>.<\/p>\n\n\n\n<p>Kontakt prosjektleder: <a href=\"mailto:Karina.Hjelmervik@usn.no\">Karina Hjelmervik<\/a><\/p>\n\n\n\n<hr class=\"wp-block-separator\"\/>\n","protected":false},"excerpt":{"rendered":"<p>Partnere i FjordOs I (2013-2016) Prosjekteier og -leder: H\u00f8gskolen i Vestfold (n\u00e5 USN) H\u00f8gskolen i Buskerud (n\u00e5 USN) Meteorologisk Institutt Vestfold fylkeskommune (n\u00e5 Vestfold og Telemark) \u00d8stfold fylkeskommune (n\u00e5 Viken) Buskerud fylkeskommune (n\u00e5 Viken) Kystverket Forsvarets forskningsinstitutt NIVA AGNES AB Milj\u00f8konsulent Exxonmobil Havneallliansen Partnere i FjordOs II (2017-2021) Prosjekteier: Kystverket (www.kystverket.no) Prosjektleder: Universitetet i S\u00f8r\u00f8st-Norge &hellip;<\/p>\n<p class=\"read-more\"> <a class=\"\" href=\"https:\/\/fjordos.usn.no\/?page_id=857\"> <span class=\"screen-reader-text\">Partnere i FjordOs<\/span> Les mer &raquo;<\/a><\/p>\n","protected":false},"author":2,"featured_media":0,"parent":0,"menu_order":2,"comment_status":"closed","ping_status":"closed","template":"","meta":{"footnotes":""},"class_list":["post-857","page","type-page","status-publish","hentry"],"_links":{"self":[{"href":"https:\/\/fjordos.usn.no\/index.php?rest_route=\/wp\/v2\/pages\/857","targetHints":{"allow":["GET"]}}],"collection":[{"href":"https:\/\/fjordos.usn.no\/index.php?rest_route=\/wp\/v2\/pages"}],"about":[{"href":"https:\/\/fjordos.usn.no\/index.php?rest_route=\/wp\/v2\/types\/page"}],"author":[{"embeddable":true,"href":"https:\/\/fjordos.usn.no\/index.php?rest_route=\/wp\/v2\/users\/2"}],"replies":[{"embeddable":true,"href":"https:\/\/fjordos.usn.no\/index.php?rest_route=%2Fwp%2Fv2%2Fcomments&post=857"}],"version-history":[{"count":8,"href":"https:\/\/fjordos.usn.no\/index.php?rest_route=\/wp\/v2\/pages\/857\/revisions"}],"predecessor-version":[{"id":4842,"href":"https:\/\/fjordos.usn.no\/index.php?rest_route=\/wp\/v2\/pages\/857\/revisions\/4842"}],"wp:attachment":[{"href":"https:\/\/fjordos.usn.no\/index.php?rest_route=%2Fwp%2Fv2%2Fmedia&parent=857"}],"curies":[{"name":"wp","href":"https:\/\/api.w.org\/{rel}","templated":true}]}}